{"id":1101,"date":"2023-03-03T09:16:36","date_gmt":"2023-03-03T08:16:36","guid":{"rendered":"https:\/\/www.hopper-golfettes.com\/pieces-detachees\/?page_id=1101"},"modified":"2023-06-22T08:58:12","modified_gmt":"2023-06-22T06:58:12","slug":"livraison","status":"publish","type":"page","link":"https:\/\/www.hopper-golfettes.com\/pieces-detachees\/livraison\/","title":{"rendered":"Livraison"},"content":{"rendered":"\t\t<div data-elementor-type=\"wp-page\" data-elementor-id=\"1101\" class=\"elementor elementor-1101\">\n\t\t\t\t\t\t<section class=\"elementor-section elementor-top-section elementor-element elementor-element-d6429a0 elementor-section-boxed elementor-section-height-default elementor-section-height-default\" data-id=\"d6429a0\" data-element_type=\"section\" data-e-type=\"section\" data-settings=\"{&quot;jet_parallax_layout_list&quot;:[],&quot;background_background&quot;:&quot;classic&quot;}\">\n\t\t\t\t\t\t<div class=\"elementor-container elementor-column-gap-default\">\n\t\t\t\t\t<div class=\"elementor-column elementor-col-100 elementor-top-column elementor-element elementor-element-660f571\" data-id=\"660f571\" data-element_type=\"column\" data-e-type=\"column\" data-settings=\"{&quot;background_background&quot;:&quot;classic&quot;}\">\n\t\t\t<div class=\"elementor-widget-wrap elementor-element-populated\">\n\t\t\t\t\t\t<div class=\"elementor-element elementor-element-2419e3c elementor-widget elementor-widget-heading\" data-id=\"2419e3c\" data-element_type=\"widget\" data-e-type=\"widget\" data-widget_type=\"heading.default\">\n\t\t\t\t<div class=\"elementor-widget-container\">\n\t\t\t\t\t<h1 class=\"elementor-heading-title elementor-size-default\">Livraison<\/h1>\t\t\t\t<\/div>\n\t\t\t\t<\/div>\n\t\t\t\t<div class=\"elementor-element elementor-element-7cb7509 elementor-widget elementor-widget-text-editor\" data-id=\"7cb7509\" data-element_type=\"widget\" data-e-type=\"widget\" data-widget_type=\"text-editor.default\">\n\t\t\t\t<div class=\"elementor-widget-container\">\n\t\t\t\t\t\t\t\t\t<p>Le transport de pi\u00e8ces d\u00e9tach\u00e9es pour golfette Yamaha ou autre marques : HDG, EZGO, Clubcar\u2026<\/p><ul><li>Les colis sont g\u00e9n\u00e9ralement exp\u00e9di\u00e9s en 48h apr\u00e8s r\u00e9ception de votre paiement.<\/li><li>Le mode d\u2019exp\u00e9dition standard est le Colissimo suivi, remis sans signature ou par colis GLS pour toute exp\u00e9dition sup\u00e9rieur \u00e0 30 kg. Quel que soit le mode d\u2019exp\u00e9dition choisi, nous vous fournirons d\u00e8s que possible un lien qui vous permettra de suivre en ligne la livraison de votre colis.<\/li><li>Les frais d\u2019exp\u00e9dition comprennent l\u2019emballage, la manutention et les frais postaux. Ils peuvent contenir une partie fixe et une partie variable en fonction du prix ou du poids de votre commande. Nous vous conseillons de regrouper vos achats en une unique commande. Nous ne pouvons pas grouper deux commandes distinctes et vous devrez vous acquitter des frais de port pour chacune d\u2019entre elles. Votre colis est exp\u00e9di\u00e9 \u00e0 vos propres risques, un soin particulier est apport\u00e9 au colis contenant des produits fragiles.<\/li><\/ul><p>Les colis sont surdimensionn\u00e9s et prot\u00e9g\u00e9s.<\/p>\t\t\t\t\t\t\t\t<\/div>\n\t\t\t\t<\/div>\n\t\t\t\t\t<\/div>\n\t\t<\/div>\n\t\t\t\t\t<\/div>\n\t\t<\/section>\n\t\t\t\t<\/div>\n\t\t","protected":false},"excerpt":{"rendered":"<p>Livraison Le transport de pi\u00e8ces d\u00e9tach\u00e9es pour golfette Yamaha ou autre marques : HDG, EZGO, Clubcar\u2026 Les colis sont g\u00e9n\u00e9ralement exp\u00e9di\u00e9s en 48h apr\u00e8s r\u00e9ception de votre paiement. Le mode d\u2019exp\u00e9dition standard est le Colissimo suivi, remis sans signature ou par colis GLS pour toute exp\u00e9dition sup\u00e9rieur \u00e0 30 kg. Quel que soit le mode [&hellip;]<\/p>\n","protected":false},"author":1,"featured_media":0,"parent":0,"menu_order":0,"comment_status":"closed","ping_status":"closed","template":"","meta":{"site-sidebar-layout":"no-sidebar","site-content-layout":"page-builder","ast-site-content-layout":"default","site-content-style":"default","site-sidebar-style":"default","ast-global-header-display":"","ast-banner-title-visibility":"","ast-main-header-display":"","ast-hfb-above-header-display":"","ast-hfb-below-header-display":"","ast-hfb-mobile-header-display":"","site-post-title":"disabled","ast-breadcrumbs-content":"","ast-featured-img":"disabled","footer-sml-layout":"","ast-disable-related-posts":"","theme-transparent-header-meta":"","adv-header-id-meta":null,"stick-header-meta":null,"header-above-stick-meta":null,"header-main-stick-meta":null,"header-below-stick-meta":null,"astra-migrate-meta-layouts":"default","ast-page-background-enabled":"default","ast-page-background-meta":{"desktop":{"background-color":"var(--ast-global-color-4)","background-image":"","background-repeat":"repeat","background-position":"center center","background-size":"auto","background-attachment":"scroll","background-type":"","background-media":"","overlay-type":"","overlay-color":"","overlay-opacity":"","overlay-gradient":""},"tablet":{"background-color":"","background-image":"","background-repeat":"repeat","background-position":"center center","background-size":"auto","background-attachment":"scroll","background-type":"","background-media":"","overlay-type":"","overlay-color":"","overlay-opacity":"","overlay-gradient":""},"mobile":{"background-color":"","background-image":"","background-repeat":"repeat","background-position":"center center","background-size":"auto","background-attachment":"scroll","background-type":"","background-media":"","overlay-type":"","overlay-color":"","overlay-opacity":"","overlay-gradient":""}},"ast-content-background-meta":{"desktop":{"background-color":"var(--ast-global-color-5)","background-image":"","background-repeat":"repeat","background-position":"center center","background-size":"auto","background-attachment":"scroll","background-type":"","background-media":"","overlay-type":"","overlay-color":"","overlay-opacity":"","overlay-gradient":""},"tablet":{"background-color":"var(--ast-global-color-5)","background-image":"","background-repeat":"repeat","background-position":"center center","background-size":"auto","background-attachment":"scroll","background-type":"","background-media":"","overlay-type":"","overlay-color":"","overlay-opacity":"","overlay-gradient":""},"mobile":{"background-color":"var(--ast-global-color-5)","background-image":"","background-repeat":"repeat","background-position":"center center","background-size":"auto","background-attachment":"scroll","background-type":"","background-media":"","overlay-type":"","overlay-color":"","overlay-opacity":"","overlay-gradient":""}},"footnotes":""},"class_list":["post-1101","page","type-page","status-publish","hentry"],"_links":{"self":[{"href":"https:\/\/www.hopper-golfettes.com\/pieces-detachees\/wp-json\/wp\/v2\/pages\/1101","targetHints":{"allow":["GET"]}}],"collection":[{"href":"https:\/\/www.hopper-golfettes.com\/pieces-detachees\/wp-json\/wp\/v2\/pages"}],"about":[{"href":"https:\/\/www.hopper-golfettes.com\/pieces-detachees\/wp-json\/wp\/v2\/types\/page"}],"author":[{"embeddable":true,"href":"https:\/\/www.hopper-golfettes.com\/pieces-detachees\/wp-json\/wp\/v2\/users\/1"}],"replies":[{"embeddable":true,"href":"https:\/\/www.hopper-golfettes.com\/pieces-detachees\/wp-json\/wp\/v2\/comments?post=1101"}],"version-history":[{"count":0,"href":"https:\/\/www.hopper-golfettes.com\/pieces-detachees\/wp-json\/wp\/v2\/pages\/1101\/revisions"}],"wp:attachment":[{"href":"https:\/\/www.hopper-golfettes.com\/pieces-detachees\/wp-json\/wp\/v2\/media?parent=1101"}],"curies":[{"name":"wp","href":"https:\/\/api.w.org\/{rel}","templated":true}]}}