{"id":1098,"date":"2023-03-03T09:15:38","date_gmt":"2023-03-03T08:15:38","guid":{"rendered":"https:\/\/www.hopper-golfettes.com\/pieces-detachees\/?page_id=1098"},"modified":"2023-06-22T09:01:55","modified_gmt":"2023-06-22T07:01:55","slug":"hopper-a-propos","status":"publish","type":"page","link":"https:\/\/www.hopper-golfettes.com\/pieces-detachees\/hopper-a-propos\/","title":{"rendered":"Hopper"},"content":{"rendered":"\t\t<div data-elementor-type=\"wp-page\" data-elementor-id=\"1098\" class=\"elementor elementor-1098\">\n\t\t\t\t\t\t<section class=\"elementor-section elementor-top-section elementor-element elementor-element-a730db4 elementor-section-stretched elementor-section-boxed elementor-section-height-default elementor-section-height-default\" data-id=\"a730db4\" data-element_type=\"section\" data-e-type=\"section\" data-settings=\"{&quot;stretch_section&quot;:&quot;section-stretched&quot;,&quot;jet_parallax_layout_list&quot;:[],&quot;background_background&quot;:&quot;classic&quot;}\">\n\t\t\t\t\t\t<div class=\"elementor-container elementor-column-gap-default\">\n\t\t\t\t\t<div class=\"elementor-column elementor-col-100 elementor-top-column elementor-element elementor-element-086c06b\" data-id=\"086c06b\" data-element_type=\"column\" data-e-type=\"column\" data-settings=\"{&quot;background_background&quot;:&quot;classic&quot;}\">\n\t\t\t<div class=\"elementor-widget-wrap elementor-element-populated\">\n\t\t\t\t\t\t<div class=\"elementor-element elementor-element-82b49a9 elementor-widget elementor-widget-heading\" data-id=\"82b49a9\" data-element_type=\"widget\" data-e-type=\"widget\" data-widget_type=\"heading.default\">\n\t\t\t\t<div class=\"elementor-widget-container\">\n\t\t\t\t\t<h1 class=\"elementor-heading-title elementor-size-default\">Hopper, pi\u00e8ces d\u00e9tach\u00e9es golfettes &amp; utilitaires<\/h1>\t\t\t\t<\/div>\n\t\t\t\t<\/div>\n\t\t\t\t<div class=\"elementor-element elementor-element-4ed8944 elementor-widget__width-initial elementor-widget-mobile__width-inherit elementor-widget elementor-widget-text-editor\" data-id=\"4ed8944\" data-element_type=\"widget\" data-e-type=\"widget\" data-widget_type=\"text-editor.default\">\n\t\t\t\t<div class=\"elementor-widget-container\">\n\t\t\t\t\t\t\t\t\t<h2 style=\"font-size: 18px; color: #a2c048; font-weight: 900; margin-bottom: 10px;\">HOPPER,<br \/>sp\u00e9cialiste du v\u00e9hicule de proximit\u00e9<\/h2><p>Depuis plus de 15 ans, Hopper vous accompagne en vous proposant de nombreux mod\u00e8les de voiturettes, que ce soit en neuf ou en occasion mais aussi en location courte ou longue dur\u00e9e.<\/p><p>Avec pour volont\u00e9 de nous rapprocher de plus en plus de nos clients, Hopper s\u2019installe <span style=\"font-size: 16px; font-style: normal; font-weight: 400;\">d\u00e9but 2021<\/span><span style=\"font-size: 16px; font-style: normal; font-weight: 400;\">\u00a0<\/span><span style=\"font-size: 16px;\">dans la Loire Atlantique \u00e0 Pontch\u00e2teau (entre Vannes et Nantes) et a pour projet de s\u2019installer dans le Sud-Est.<\/span><\/p><p>Nous mettons tout en \u0153uvre avec nos techniciens itin\u00e9rants pour apporter le support technique \u00e0 tous nos clients.<\/p>\t\t\t\t\t\t\t\t<\/div>\n\t\t\t\t<\/div>\n\t\t\t\t<div class=\"elementor-element elementor-element-aba5122 elementor-widget__width-initial elementor-widget-mobile__width-inherit elementor-widget elementor-widget-text-editor\" data-id=\"aba5122\" data-element_type=\"widget\" data-e-type=\"widget\" data-widget_type=\"text-editor.default\">\n\t\t\t\t<div class=\"elementor-widget-container\">\n\t\t\t\t\t\t\t\t\t<h3 style=\"font-size: 16px;\">v\u00e9hicules neufs<\/h3><p>nos v\u00e9hicules Yamaha sont garantis 3 ans et 4 ans pour les batteries (sous r\u00e9serve de contr\u00f4les)<\/p><h3 style=\"font-size: 16px;\">v\u00e9hicules occasion<\/h3><p>nos occasions sont garanties 1 AN<\/p><h3 style=\"font-size: 16px;\">location<\/h3><p>longue dur\u00e9e sur 36 ou 48 mois avec maintenance et assurances<\/p><h3 style=\"font-size: 16px;\">\u00e9v\u00e9nementiel<\/h3><p>location \u00e0 la journ\u00e9e, semaine, mois, transport assur\u00e9<\/p><h3 style=\"font-size: 16px;\">pi\u00e8ces d\u00e9tach\u00e9es<\/h3><p>tout pour assurer le bon fonctionnement de votre v\u00e9hicule ou pour compl\u00e9ter votre besoin<\/p>\t\t\t\t\t\t\t\t<\/div>\n\t\t\t\t<\/div>\n\t\t\t\t<div class=\"elementor-element elementor-element-4ce50a0 elementor-widget__width-initial elementor-widget elementor-widget-jet-timeline\" data-id=\"4ce50a0\" data-element_type=\"widget\" data-e-type=\"widget\" data-widget_type=\"jet-timeline.default\">\n\t\t\t\t<div class=\"elementor-widget-container\">\n\t\t\t\t\t<div class=\"elementor-jet-timeline jet-elements\"><div class=\"jet-timeline jet-timeline--align-left jet-timeline--align-middle\">\n\t<div class=\"jet-timeline__line\"><div class=\"jet-timeline__line-progress\"><\/div><\/div>\n\t<div class=\"jet-timeline-list\"><div class=\"jet-timeline-item  elementor-repeater-item-6421615 jet-timeline-item--image-inside\">\n\t<div class=\"timeline-item__card\">\n\t\t<div class=\"timeline-item__card-inner\">\n\t\t\t\t\t\t\t\t<div class=\"timeline-item__card-content\">\n\t\t\t\t\t<div class=\"timeline-item__meta\"><\/div><h5 class=\"timeline-item__card-title\">cr\u00e9ation de la soci\u00e9t\u00e9 Hopper<\/h5>\t\t\t\t<\/div>\n\t\t\t\t\t\t<\/div>\n\t\t<div class=\"timeline-item__card-arrow\"><\/div>\n\t<\/div>\n\t<div class=\"timeline-item__point\"><div class=\"timeline-item__point-content timeline-item__point-content--text\">2005<\/div><\/div><div class=\"timeline-item__meta\"><\/div><\/div><div class=\"jet-timeline-item  elementor-repeater-item-26dccc5 jet-timeline-item--image-inside\">\n\t<div class=\"timeline-item__card\">\n\t\t<div class=\"timeline-item__card-inner\">\n\t\t\t\t\t\t\t\t<div class=\"timeline-item__card-content\">\n\t\t\t\t\t<div class=\"timeline-item__meta\"><\/div><h5 class=\"timeline-item__card-title\">installation de la soci\u00e9t\u00e9 \u00e0 Wasquehal <\/h5><div class=\"timeline-item__card-desc\">(300 m\u00b2 d'entrep\u00f4t)<\/div>\t\t\t\t<\/div>\n\t\t\t\t\t\t<\/div>\n\t\t<div class=\"timeline-item__card-arrow\"><\/div>\n\t<\/div>\n\t<div class=\"timeline-item__point\"><div class=\"timeline-item__point-content timeline-item__point-content--text\">2007<\/div><\/div><div class=\"timeline-item__meta\"><\/div><\/div><div class=\"jet-timeline-item  elementor-repeater-item-0a81e4a jet-timeline-item--image-inside\">\n\t<div class=\"timeline-item__card\">\n\t\t<div class=\"timeline-item__card-inner\">\n\t\t\t\t\t\t\t\t<div class=\"timeline-item__card-content\">\n\t\t\t\t\t<div class=\"timeline-item__meta\"><\/div><h5 class=\"timeline-item__card-title\">accord de distribution Yamaha<\/h5>\t\t\t\t<\/div>\n\t\t\t\t\t\t<\/div>\n\t\t<div class=\"timeline-item__card-arrow\"><\/div>\n\t<\/div>\n\t<div class=\"timeline-item__point\"><div class=\"timeline-item__point-content timeline-item__point-content--text\">2008<\/div><\/div><div class=\"timeline-item__meta\"><\/div><\/div><div class=\"jet-timeline-item  elementor-repeater-item-9c779b3 jet-timeline-item--image-inside\">\n\t<div class=\"timeline-item__card\">\n\t\t<div class=\"timeline-item__card-inner\">\n\t\t\t\t\t\t\t\t<div class=\"timeline-item__card-content\">\n\t\t\t\t\t<div class=\"timeline-item__meta\"><\/div><h5 class=\"timeline-item__card-title\">transfert \u00e0 Lesquin<\/h5><div class=\"timeline-item__card-desc\">(1 000 m\u00b2 d'entrep\u00f4t)<\/div>\t\t\t\t<\/div>\n\t\t\t\t\t\t<\/div>\n\t\t<div class=\"timeline-item__card-arrow\"><\/div>\n\t<\/div>\n\t<div class=\"timeline-item__point\"><div class=\"timeline-item__point-content timeline-item__point-content--text\">2017<\/div><\/div><div class=\"timeline-item__meta\"><\/div><\/div><div class=\"jet-timeline-item  elementor-repeater-item-186c611 jet-timeline-item--image-inside\">\n\t<div class=\"timeline-item__card\">\n\t\t<div class=\"timeline-item__card-inner\">\n\t\t\t\t\t\t\t\t<div class=\"timeline-item__card-content\">\n\t\t\t\t\t<div class=\"timeline-item__meta\"><\/div><h5 class=\"timeline-item__card-title\">installation \u00e0 Pontch\u00e2teau<\/h5><div class=\"timeline-item__card-desc\">(doublement de la capacit\u00e9 de stockage)<\/div>\t\t\t\t<\/div>\n\t\t\t\t\t\t<\/div>\n\t\t<div class=\"timeline-item__card-arrow\"><\/div>\n\t<\/div>\n\t<div class=\"timeline-item__point\"><div class=\"timeline-item__point-content timeline-item__point-content--text\">2021<\/div><\/div><div class=\"timeline-item__meta\"><\/div><\/div><\/div><\/div><\/div>\t\t\t\t<\/div>\n\t\t\t\t<\/div>\n\t\t\t\t<div class=\"elementor-element elementor-element-d430507 elementor-widget__width-initial elementor-widget elementor-widget-image\" data-id=\"d430507\" data-element_type=\"widget\" data-e-type=\"widget\" data-widget_type=\"image.default\">\n\t\t\t\t<div class=\"elementor-widget-container\">\n\t\t\t\t\t\t\t\t\t\t\t\t\t\t\t<img fetchpriority=\"high\" decoding=\"async\" width=\"1024\" height=\"320\" src=\"https:\/\/www.hopper-golfettes.com\/pieces-detachees\/wp-content\/uploads\/sites\/3\/2022\/10\/hopper-banner-pieces-1024x320.jpg\" class=\"attachment-large size-large wp-image-220\" alt=\"pi\u00e8ces d\u00e9tach\u00e9es golfettes et voiturettes\" srcset=\"https:\/\/www.hopper-golfettes.com\/pieces-detachees\/wp-content\/uploads\/sites\/3\/2022\/10\/hopper-banner-pieces-1024x320.jpg 1024w, https:\/\/www.hopper-golfettes.com\/pieces-detachees\/wp-content\/uploads\/sites\/3\/2022\/10\/hopper-banner-pieces-300x94.jpg 300w, https:\/\/www.hopper-golfettes.com\/pieces-detachees\/wp-content\/uploads\/sites\/3\/2022\/10\/hopper-banner-pieces-768x240.jpg 768w, https:\/\/www.hopper-golfettes.com\/pieces-detachees\/wp-content\/uploads\/sites\/3\/2022\/10\/hopper-banner-pieces-1536x480.jpg 1536w, https:\/\/www.hopper-golfettes.com\/pieces-detachees\/wp-content\/uploads\/sites\/3\/2022\/10\/hopper-banner-pieces-18x6.jpg 18w, https:\/\/www.hopper-golfettes.com\/pieces-detachees\/wp-content\/uploads\/sites\/3\/2022\/10\/hopper-banner-pieces-600x188.jpg 600w, https:\/\/www.hopper-golfettes.com\/pieces-detachees\/wp-content\/uploads\/sites\/3\/2022\/10\/hopper-banner-pieces.jpg 1600w\" sizes=\"(max-width: 1024px) 100vw, 1024px\" \/>\t\t\t\t\t\t\t\t\t\t\t\t\t\t\t<\/div>\n\t\t\t\t<\/div>\n\t\t\t\t<div class=\"elementor-element elementor-element-6000656 elementor-widget__width-initial elementor-widget elementor-widget-image\" data-id=\"6000656\" data-element_type=\"widget\" data-e-type=\"widget\" data-widget_type=\"image.default\">\n\t\t\t\t<div class=\"elementor-widget-container\">\n\t\t\t\t\t\t\t\t\t\t\t\t\t\t\t<img decoding=\"async\" width=\"1000\" height=\"1000\" src=\"https:\/\/www.hopper-golfettes.com\/pieces-detachees\/wp-content\/uploads\/sites\/3\/2023\/03\/Carte_Hopper.svg\" class=\"attachment-large size-large wp-image-1155\" alt=\"implantations Hopper France\" \/>\t\t\t\t\t\t\t\t\t\t\t\t\t\t\t<\/div>\n\t\t\t\t<\/div>\n\t\t\t\t<div class=\"elementor-element elementor-element-9835779 elementor-widget-divider--view-line elementor-widget elementor-widget-divider\" data-id=\"9835779\" data-element_type=\"widget\" data-e-type=\"widget\" data-widget_type=\"divider.default\">\n\t\t\t\t<div class=\"elementor-widget-container\">\n\t\t\t\t\t\t\t<div class=\"elementor-divider\">\n\t\t\t<span class=\"elementor-divider-separator\">\n\t\t\t\t\t\t<\/span>\n\t\t<\/div>\n\t\t\t\t\t\t<\/div>\n\t\t\t\t<\/div>\n\t\t\t\t<div class=\"elementor-element elementor-element-d986089 elementor-widget elementor-widget-heading\" data-id=\"d986089\" data-element_type=\"widget\" data-e-type=\"widget\" data-widget_type=\"heading.default\">\n\t\t\t\t<div class=\"elementor-widget-container\">\n\t\t\t\t\t<h2 class=\"elementor-heading-title elementor-size-default\">Chiffres clefs<\/h2>\t\t\t\t<\/div>\n\t\t\t\t<\/div>\n\t\t\t\t<div class=\"elementor-element elementor-element-0d49024 elementor-widget__width-initial elementor-widget elementor-widget-counter\" data-id=\"0d49024\" data-element_type=\"widget\" data-e-type=\"widget\" data-widget_type=\"counter.default\">\n\t\t\t\t<div class=\"elementor-widget-container\">\n\t\t\t\t\t\t\t<div class=\"elementor-counter\">\n\t\t\t<div class=\"elementor-counter-title\">ann\u00e9es d'exp\u00e9rience<br>dans le v\u00e9hicule de proximit\u00e9<\/div>\t\t\t<div class=\"elementor-counter-number-wrapper\">\n\t\t\t\t<span class=\"elementor-counter-number-prefix\"><\/span>\n\t\t\t\t<span class=\"elementor-counter-number\" data-duration=\"2000\" data-to-value=\"15\" data-from-value=\"0\" data-delimiter=\" \">0<\/span>\n\t\t\t\t<span class=\"elementor-counter-number-suffix\"><\/span>\n\t\t\t<\/div>\n\t\t<\/div>\n\t\t\t\t\t\t<\/div>\n\t\t\t\t<\/div>\n\t\t\t\t<div class=\"elementor-element elementor-element-4d80217 elementor-widget__width-initial elementor-widget elementor-widget-counter\" data-id=\"4d80217\" data-element_type=\"widget\" data-e-type=\"widget\" data-widget_type=\"counter.default\">\n\t\t\t\t<div class=\"elementor-widget-container\">\n\t\t\t\t\t\t\t<div class=\"elementor-counter\">\n\t\t\t<div class=\"elementor-counter-title\">de croissance par an<br>depuis 2015<\/div>\t\t\t<div class=\"elementor-counter-number-wrapper\">\n\t\t\t\t<span class=\"elementor-counter-number-prefix\">+<\/span>\n\t\t\t\t<span class=\"elementor-counter-number\" data-duration=\"2000\" data-to-value=\"15\" data-from-value=\"0\" data-delimiter=\" \">0<\/span>\n\t\t\t\t<span class=\"elementor-counter-number-suffix\">%<\/span>\n\t\t\t<\/div>\n\t\t<\/div>\n\t\t\t\t\t\t<\/div>\n\t\t\t\t<\/div>\n\t\t\t\t<div class=\"elementor-element elementor-element-73f85ed elementor-widget__width-initial elementor-widget elementor-widget-counter\" data-id=\"73f85ed\" data-element_type=\"widget\" data-e-type=\"widget\" data-widget_type=\"counter.default\">\n\t\t\t\t<div class=\"elementor-widget-container\">\n\t\t\t\t\t\t\t<div class=\"elementor-counter\">\n\t\t\t<div class=\"elementor-counter-title\">v\u00e9hicules<br>en parc locatif<\/div>\t\t\t<div class=\"elementor-counter-number-wrapper\">\n\t\t\t\t<span class=\"elementor-counter-number-prefix\">+<\/span>\n\t\t\t\t<span class=\"elementor-counter-number\" data-duration=\"2000\" data-to-value=\"600\" data-from-value=\"0\" data-delimiter=\" \">0<\/span>\n\t\t\t\t<span class=\"elementor-counter-number-suffix\"><\/span>\n\t\t\t<\/div>\n\t\t<\/div>\n\t\t\t\t\t\t<\/div>\n\t\t\t\t<\/div>\n\t\t\t\t<div class=\"elementor-element elementor-element-be7d5c7 elementor-widget__width-initial elementor-widget elementor-widget-counter\" data-id=\"be7d5c7\" data-element_type=\"widget\" data-e-type=\"widget\" data-widget_type=\"counter.default\">\n\t\t\t\t<div class=\"elementor-widget-container\">\n\t\t\t\t\t\t\t<div class=\"elementor-counter\">\n\t\t\t<div class=\"elementor-counter-title\">clients livr\u00e9s<\/div>\t\t\t<div class=\"elementor-counter-number-wrapper\">\n\t\t\t\t<span class=\"elementor-counter-number-prefix\">+<\/span>\n\t\t\t\t<span class=\"elementor-counter-number\" data-duration=\"2000\" data-to-value=\"3500\" data-from-value=\"0\" data-delimiter=\" \">0<\/span>\n\t\t\t\t<span class=\"elementor-counter-number-suffix\"><\/span>\n\t\t\t<\/div>\n\t\t<\/div>\n\t\t\t\t\t\t<\/div>\n\t\t\t\t<\/div>\n\t\t\t\t<div class=\"elementor-element elementor-element-c3dba5c elementor-widget__width-initial elementor-widget elementor-widget-counter\" data-id=\"c3dba5c\" data-element_type=\"widget\" data-e-type=\"widget\" data-widget_type=\"counter.default\">\n\t\t\t\t<div class=\"elementor-widget-container\">\n\t\t\t\t\t\t\t<div class=\"elementor-counter\">\n\t\t\t<div class=\"elementor-counter-title\">v\u00e9hicules<br>mis en service par an<\/div>\t\t\t<div class=\"elementor-counter-number-wrapper\">\n\t\t\t\t<span class=\"elementor-counter-number-prefix\"><\/span>\n\t\t\t\t<span class=\"elementor-counter-number\" data-duration=\"2000\" data-to-value=\"350\" data-from-value=\"0\" data-delimiter=\" \">0<\/span>\n\t\t\t\t<span class=\"elementor-counter-number-suffix\"><\/span>\n\t\t\t<\/div>\n\t\t<\/div>\n\t\t\t\t\t\t<\/div>\n\t\t\t\t<\/div>\n\t\t\t\t<div class=\"elementor-element elementor-element-ec5b11b elementor-widget__width-initial elementor-widget elementor-widget-counter\" data-id=\"ec5b11b\" data-element_type=\"widget\" data-e-type=\"widget\" data-widget_type=\"counter.default\">\n\t\t\t\t<div class=\"elementor-widget-container\">\n\t\t\t\t\t\t\t<div class=\"elementor-counter\">\n\t\t\t<div class=\"elementor-counter-title\">pays de livraison<br>avec DOM TOM<\/div>\t\t\t<div class=\"elementor-counter-number-wrapper\">\n\t\t\t\t<span class=\"elementor-counter-number-prefix\">+<\/span>\n\t\t\t\t<span class=\"elementor-counter-number\" data-duration=\"2000\" data-to-value=\"10\" data-from-value=\"0\" data-delimiter=\" \">0<\/span>\n\t\t\t\t<span class=\"elementor-counter-number-suffix\"><\/span>\n\t\t\t<\/div>\n\t\t<\/div>\n\t\t\t\t\t\t<\/div>\n\t\t\t\t<\/div>\n\t\t\t\t<div class=\"elementor-element elementor-element-71d2832 elementor-widget-divider--view-line elementor-widget elementor-widget-divider\" data-id=\"71d2832\" data-element_type=\"widget\" data-e-type=\"widget\" data-widget_type=\"divider.default\">\n\t\t\t\t<div class=\"elementor-widget-container\">\n\t\t\t\t\t\t\t<div class=\"elementor-divider\">\n\t\t\t<span class=\"elementor-divider-separator\">\n\t\t\t\t\t\t<\/span>\n\t\t<\/div>\n\t\t\t\t\t\t<\/div>\n\t\t\t\t<\/div>\n\t\t\t\t<div class=\"elementor-element elementor-element-f5839f7 elementor-widget elementor-widget-heading\" data-id=\"f5839f7\" data-element_type=\"widget\" data-e-type=\"widget\" data-widget_type=\"heading.default\">\n\t\t\t\t<div class=\"elementor-widget-container\">\n\t\t\t\t\t<h2 class=\"elementor-heading-title elementor-size-default\">Nos autres boutiques<\/h2>\t\t\t\t<\/div>\n\t\t\t\t<\/div>\n\t\t\t\t<div class=\"elementor-element elementor-element-b7ba581 elementor-widget__width-initial boutique-banner elementor-widget elementor-widget-jet-banner\" data-id=\"b7ba581\" data-element_type=\"widget\" data-e-type=\"widget\" id=\"boutique-banner\" data-widget_type=\"jet-banner.default\">\n\t\t\t\t<div class=\"elementor-widget-container\">\n\t\t\t\t\t<div class=\"elementor-jet-banner jet-elements\"><figure class=\"jet-banner jet-effect-sarah\"><a href=\"https:\/\/www.hopper-golfettes.com\/\" class=\"jet-banner__link\" target=\"_blank\"><div class=\"jet-banner__overlay\"><\/div><img decoding=\"async\" src=\"https:\/\/www.hopper-golfettes.com\/pieces-detachees\/wp-content\/uploads\/sites\/3\/2022\/11\/2019-Yamaha-UMX2-EU-Carbon-Metallic-Static-001_newsItem_001_tcm208-726783.jpg\" alt=\"Yamaha UMX\" width=\"100%\" height=\"100%\" class=\"jet-banner__img\"><figcaption class=\"jet-banner__content\"><div class=\"jet-banner__content-wrap\"><h5 class=\"jet-banner__title\">Voiturettes - Golfettes<\/h5><div class=\"jet-banner__text\">Hopper distribue les marques r\u00e9f\u00e9rentes pour leur qualit\u00e9 et leur capacit\u00e9 \u00e0 r\u00e9pondre \u00e0 vos besoins : Yamaha, E-Z-GO, ADDAX, Garia... Nous proposons de nombreuses configurations de v\u00e9hicules pour r\u00e9pondre \u00e0 de nombreux usages : homologation route, benne, cabine, caisson ferm\u00e9, ...\n<BR><BR>\n<p style=\"text-align:center; border:1px solid #FFF;border-radius:50px;\">VOIR LA BOUTIQUE<\/p><\/div><\/div><\/figcaption><\/a><\/figure>\n<\/div>\t\t\t\t<\/div>\n\t\t\t\t<\/div>\n\t\t\t\t<div class=\"elementor-element elementor-element-8f0248f elementor-widget__width-initial boutique-banner elementor-widget elementor-widget-jet-banner\" data-id=\"8f0248f\" data-element_type=\"widget\" data-e-type=\"widget\" id=\"boutique-banner\" data-widget_type=\"jet-banner.default\">\n\t\t\t\t<div class=\"elementor-widget-container\">\n\t\t\t\t\t<div class=\"elementor-jet-banner jet-elements\"><figure class=\"jet-banner jet-effect-sarah\"><a href=\"https:\/\/www.hopper-golfettes.com\/\" class=\"jet-banner__link\" target=\"_blank\"><div class=\"jet-banner__overlay\"><\/div><img decoding=\"async\" src=\"https:\/\/www.hopper-golfettes.com\/pieces-detachees\/wp-content\/uploads\/sites\/3\/2022\/11\/hopper_banner_seo-768x403.jpg\" alt=\"articles de golf\" width=\"100%\" height=\"100%\" class=\"jet-banner__img\"><figcaption class=\"jet-banner__content\"><div class=\"jet-banner__content-wrap\"><h5 class=\"jet-banner__title\">Mat\u00e9riel de golf<\/h5><div class=\"jet-banner__text\">Hopper vous propose les marques ASBRI et New ERA Golf en exclusivit\u00e9 en France avec de nombreuses personnalisations possibles : couleur, mati\u00e8re, logo personnalisable...\n<BR><BR>\n<p style=\"text-align:center; border:1px solid #FFF;border-radius:50px;\">VOIR LA BOUTIQUE<\/p><\/div><\/div><\/figcaption><\/a><\/figure>\n<\/div>\t\t\t\t<\/div>\n\t\t\t\t<\/div>\n\t\t\t\t\t<\/div>\n\t\t<\/div>\n\t\t\t\t\t<\/div>\n\t\t<\/section>\n\t\t\t\t<\/div>\n\t\t","protected":false},"excerpt":{"rendered":"<p>Hopper, pi\u00e8ces d\u00e9tach\u00e9es golfettes &#038; utilitaires HOPPER,sp\u00e9cialiste du v\u00e9hicule de proximit\u00e9 Depuis plus de 15 ans, Hopper vous accompagne en vous proposant de nombreux mod\u00e8les de voiturettes, que ce soit en neuf ou en occasion mais aussi en location courte ou longue dur\u00e9e. Avec pour volont\u00e9 de nous rapprocher de plus en plus de nos [&hellip;]<\/p>\n","protected":false},"author":1,"featured_media":0,"parent":0,"menu_order":0,"comment_status":"closed","ping_status":"closed","template":"","meta":{"site-sidebar-layout":"no-sidebar","site-content-layout":"page-builder","ast-site-content-layout":"default","site-content-style":"default","site-sidebar-style":"default","ast-global-header-display":"","ast-banner-title-visibility":"","ast-main-header-display":"","ast-hfb-above-header-display":"","ast-hfb-below-header-display":"","ast-hfb-mobile-header-display":"","site-post-title":"disabled","ast-breadcrumbs-content":"","ast-featured-img":"disabled","footer-sml-layout":"","ast-disable-related-posts":"","theme-transparent-header-meta":"","adv-header-id-meta":null,"stick-header-meta":null,"header-above-stick-meta":null,"header-main-stick-meta":null,"header-below-stick-meta":null,"astra-migrate-meta-layouts":"default","ast-page-background-enabled":"default","ast-page-background-meta":{"desktop":{"background-color":"var(--ast-global-color-4)","background-image":"","background-repeat":"repeat","background-position":"center center","background-size":"auto","background-attachment":"scroll","background-type":"","background-media":"","overlay-type":"","overlay-color":"","overlay-opacity":"","overlay-gradient":""},"tablet":{"background-color":"","background-image":"","background-repeat":"repeat","background-position":"center center","background-size":"auto","background-attachment":"scroll","background-type":"","background-media":"","overlay-type":"","overlay-color":"","overlay-opacity":"","overlay-gradient":""},"mobile":{"background-color":"","background-image":"","background-repeat":"repeat","background-position":"center center","background-size":"auto","background-attachment":"scroll","background-type":"","background-media":"","overlay-type":"","overlay-color":"","overlay-opacity":"","overlay-gradient":""}},"ast-content-background-meta":{"desktop":{"background-color":"var(--ast-global-color-5)","background-image":"","background-repeat":"repeat","background-position":"center center","background-size":"auto","background-attachment":"scroll","background-type":"","background-media":"","overlay-type":"","overlay-color":"","overlay-opacity":"","overlay-gradient":""},"tablet":{"background-color":"var(--ast-global-color-5)","background-image":"","background-repeat":"repeat","background-position":"center center","background-size":"auto","background-attachment":"scroll","background-type":"","background-media":"","overlay-type":"","overlay-color":"","overlay-opacity":"","overlay-gradient":""},"mobile":{"background-color":"var(--ast-global-color-5)","background-image":"","background-repeat":"repeat","background-position":"center center","background-size":"auto","background-attachment":"scroll","background-type":"","background-media":"","overlay-type":"","overlay-color":"","overlay-opacity":"","overlay-gradient":""}},"footnotes":""},"class_list":["post-1098","page","type-page","status-publish","hentry"],"_links":{"self":[{"href":"https:\/\/www.hopper-golfettes.com\/pieces-detachees\/wp-json\/wp\/v2\/pages\/1098","targetHints":{"allow":["GET"]}}],"collection":[{"href":"https:\/\/www.hopper-golfettes.com\/pieces-detachees\/wp-json\/wp\/v2\/pages"}],"about":[{"href":"https:\/\/www.hopper-golfettes.com\/pieces-detachees\/wp-json\/wp\/v2\/types\/page"}],"author":[{"embeddable":true,"href":"https:\/\/www.hopper-golfettes.com\/pieces-detachees\/wp-json\/wp\/v2\/users\/1"}],"replies":[{"embeddable":true,"href":"https:\/\/www.hopper-golfettes.com\/pieces-detachees\/wp-json\/wp\/v2\/comments?post=1098"}],"version-history":[{"count":0,"href":"https:\/\/www.hopper-golfettes.com\/pieces-detachees\/wp-json\/wp\/v2\/pages\/1098\/revisions"}],"wp:attachment":[{"href":"https:\/\/www.hopper-golfettes.com\/pieces-detachees\/wp-json\/wp\/v2\/media?parent=1098"}],"curies":[{"name":"wp","href":"https:\/\/api.w.org\/{rel}","templated":true}]}}