{"id":3044,"date":"2022-05-17T10:33:01","date_gmt":"2022-05-17T08:33:01","guid":{"rendered":"https:\/\/www.hopper-golfettes.com\/objets-personnalisables\/?page_id=3044"},"modified":"2023-05-24T10:14:11","modified_gmt":"2023-05-24T08:14:11","slug":"contact","status":"publish","type":"page","link":"https:\/\/www.hopper-golfettes.com\/objets-personnalisables\/contact\/","title":{"rendered":"Contact"},"content":{"rendered":"\t\t<div data-elementor-type=\"wp-page\" data-elementor-id=\"3044\" class=\"elementor elementor-3044\" data-elementor-post-type=\"page\">\n\t\t\t\t\t\t<section class=\"elementor-section elementor-top-section elementor-element elementor-element-1b7ea7f elementor-section-content-middle elementor-section-stretched elementor-section-boxed elementor-section-height-default elementor-section-height-default\" data-id=\"1b7ea7f\" data-element_type=\"section\" data-e-type=\"section\" data-settings=\"{&quot;stretch_section&quot;:&quot;section-stretched&quot;,&quot;jet_parallax_layout_list&quot;:[]}\">\n\t\t\t\t\t\t<div class=\"elementor-container elementor-column-gap-default\">\n\t\t\t\t\t<div class=\"elementor-column elementor-col-100 elementor-top-column elementor-element elementor-element-ecd0122\" data-id=\"ecd0122\" data-element_type=\"column\" data-e-type=\"column\" data-settings=\"{&quot;background_background&quot;:&quot;classic&quot;}\">\n\t\t\t<div class=\"elementor-widget-wrap elementor-element-populated\">\n\t\t\t\t\t\t<div class=\"elementor-element elementor-element-39c16b9 jet-breadcrumbs-align-center elementor-widget elementor-widget-jet-breadcrumbs\" data-id=\"39c16b9\" data-element_type=\"widget\" data-e-type=\"widget\" data-widget_type=\"jet-breadcrumbs.default\">\n\t\t\t\t<div class=\"elementor-widget-container\">\n\t\t\t\t\t<div class=\"elementor-jet-breadcrumbs jet-blocks\">\n\t\t<div class=\"jet-breadcrumbs\">\n\t\t<div class=\"jet-breadcrumbs__content\">\n\t\t<div class=\"jet-breadcrumbs__wrap\"><div class=\"jet-breadcrumbs__item\"><a href=\"https:\/\/www.hopper-golfettes.com\/objets-personnalisables\/\" class=\"jet-breadcrumbs__item-link is-home\" rel=\"home\" title=\"Accueil\">Accueil<\/a><\/div>\n\t\t<\/div>\n\t\t<\/div>\n\t\t<\/div><\/div>\t\t\t\t<\/div>\n\t\t\t\t<\/div>\n\t\t\t\t\t<\/div>\n\t\t<\/div>\n\t\t\t\t\t<\/div>\n\t\t<\/section>\n\t\t\t\t<section class=\"elementor-section elementor-top-section elementor-element elementor-element-3f35be5 elementor-section-stretched elementor-section-boxed elementor-section-height-default elementor-section-height-default\" data-id=\"3f35be5\" data-element_type=\"section\" data-e-type=\"section\" data-settings=\"{&quot;stretch_section&quot;:&quot;section-stretched&quot;,&quot;jet_parallax_layout_list&quot;:[{&quot;jet_parallax_layout_image&quot;:{&quot;url&quot;:&quot;&quot;,&quot;id&quot;:&quot;&quot;,&quot;size&quot;:&quot;&quot;},&quot;_id&quot;:&quot;b14e757&quot;,&quot;jet_parallax_layout_image_tablet&quot;:{&quot;url&quot;:&quot;&quot;,&quot;id&quot;:&quot;&quot;,&quot;size&quot;:&quot;&quot;},&quot;jet_parallax_layout_image_mobile&quot;:{&quot;url&quot;:&quot;&quot;,&quot;id&quot;:&quot;&quot;,&quot;size&quot;:&quot;&quot;},&quot;jet_parallax_layout_speed&quot;:{&quot;unit&quot;:&quot;%&quot;,&quot;size&quot;:50,&quot;sizes&quot;:[]},&quot;jet_parallax_layout_type&quot;:&quot;scroll&quot;,&quot;jet_parallax_layout_direction&quot;:&quot;1&quot;,&quot;jet_parallax_layout_fx_direction&quot;:null,&quot;jet_parallax_layout_z_index&quot;:&quot;&quot;,&quot;jet_parallax_layout_bg_x&quot;:50,&quot;jet_parallax_layout_bg_x_tablet&quot;:&quot;&quot;,&quot;jet_parallax_layout_bg_x_mobile&quot;:&quot;&quot;,&quot;jet_parallax_layout_bg_y&quot;:50,&quot;jet_parallax_layout_bg_y_tablet&quot;:&quot;&quot;,&quot;jet_parallax_layout_bg_y_mobile&quot;:&quot;&quot;,&quot;jet_parallax_layout_bg_size&quot;:&quot;auto&quot;,&quot;jet_parallax_layout_bg_size_tablet&quot;:&quot;&quot;,&quot;jet_parallax_layout_bg_size_mobile&quot;:&quot;&quot;,&quot;jet_parallax_layout_animation_prop&quot;:&quot;transform&quot;,&quot;jet_parallax_layout_on&quot;:[&quot;desktop&quot;,&quot;tablet&quot;]}]}\">\n\t\t\t\t\t\t<div class=\"elementor-container elementor-column-gap-default\">\n\t\t\t\t\t<div class=\"elementor-column elementor-col-100 elementor-top-column elementor-element elementor-element-4f28e12\" data-id=\"4f28e12\" data-element_type=\"column\" data-e-type=\"column\" data-settings=\"{&quot;background_background&quot;:&quot;classic&quot;}\">\n\t\t\t<div class=\"elementor-widget-wrap elementor-element-populated\">\n\t\t\t\t\t\t<div class=\"elementor-element elementor-element-6e1f3a3 elementor-widget elementor-widget-heading\" data-id=\"6e1f3a3\" data-element_type=\"widget\" data-e-type=\"widget\" data-widget_type=\"heading.default\">\n\t\t\t\t<div class=\"elementor-widget-container\">\n\t\t\t\t\t<h1 class=\"elementor-heading-title elementor-size-default\">contactez-nous<\/h1>\t\t\t\t<\/div>\n\t\t\t\t<\/div>\n\t\t\t\t<div class=\"elementor-element elementor-element-4b4b9f9 elementor-widget-divider--view-line elementor-widget elementor-widget-divider\" data-id=\"4b4b9f9\" data-element_type=\"widget\" data-e-type=\"widget\" data-widget_type=\"divider.default\">\n\t\t\t\t<div class=\"elementor-widget-container\">\n\t\t\t\t\t\t\t<div class=\"elementor-divider\">\n\t\t\t<span class=\"elementor-divider-separator\">\n\t\t\t\t\t\t<\/span>\n\t\t<\/div>\n\t\t\t\t\t\t<\/div>\n\t\t\t\t<\/div>\n\t\t\t\t<div class=\"elementor-element elementor-element-f97401f elementor-widget elementor-widget-jet-engine-booking-form\" data-id=\"f97401f\" data-element_type=\"widget\" data-e-type=\"widget\" data-widget_type=\"jet-engine-booking-form.default\">\n\t\t\t\t<div class=\"elementor-widget-container\">\n\t\t\t\t\t<form  class=\"jet-form layout-column submit-type-reload\" action=\"\/objets-personnalisables\/wp-json\/wp\/v2\/pages\/3044?jet_engine_action=book&#038;nocache=1776397909\" method=\"POST\" data-form-id=\"573\"><input class=\"jet-form__field hidden-field\" type=\"hidden\" name=\"_jet_engine_booking_form_id\" value=\"573\" data-field-name=\"_jet_engine_booking_form_id\"><input class=\"jet-form__field hidden-field\" type=\"hidden\" name=\"_jet_engine_refer\" value=\"https:\/\/www.hopper-golfettes.com\/objets-personnalisables\/wp-json\/wp\/v2\/pages\/3044\" data-field-name=\"_jet_engine_refer\"><div  class=\"jet-form-row jet-form-row--first-visible\"><div class=\"jet-form-col jet-form-col-6  field-type-text  jet-form-field-container\" data-field=\"nom\" data-conditional=\"false\"><div class=\"jet-form__label\">\n\t<span class=\"jet-form__label-text\" >Nom<span class=\"jet-form__required\">*<\/span><\/span>\n\t<\/div><input class=\"jet-form__field text-field \" placeholder=\"votre nom de famille\" value=\"\" required=\"required\" name=\"nom\" id=\"nom\" type=\"text\" data-field-name=\"nom\"><\/div><div class=\"jet-form-col jet-form-col-6  field-type-text  jet-form-field-container\" data-field=\"prenom\" data-conditional=\"false\"><div class=\"jet-form__label\">\n\t<span class=\"jet-form__label-text\" >Pr\u00e9nom<span class=\"jet-form__required\">*<\/span><\/span>\n\t<\/div><input class=\"jet-form__field text-field \" placeholder=\"votre pr\u00e9nom\" value=\"\" required=\"required\" name=\"prenom\" id=\"prenom\" type=\"text\" data-field-name=\"prenom\"><\/div><\/div><div  class=\"jet-form-row\"><div class=\"jet-form-col jet-form-col-6  field-type-text  jet-form-field-container\" data-field=\"email\" data-conditional=\"false\"><div class=\"jet-form__label\">\n\t<span class=\"jet-form__label-text\" >Email<span class=\"jet-form__required\">*<\/span><\/span>\n\t<\/div><input class=\"jet-form__field text-field \" placeholder=\"votre adresse email\" value=\"\" required=\"required\" name=\"email\" id=\"email\" type=\"email\" data-field-name=\"email\"><\/div><div class=\"jet-form-col jet-form-col-6  field-type-text  jet-form-field-container\" data-field=\"telephone\" data-conditional=\"false\"><div class=\"jet-form__label\">\n\t<span class=\"jet-form__label-text\" >T\u00e9l\u00e9phone<span class=\"jet-form__required\">*<\/span><\/span>\n\t<\/div><input class=\"jet-form__field text-field \" placeholder=\"le num\u00e9ro o\u00f9 nous pouvons vous contacter\" value=\"\" required=\"required\" name=\"telephone\" id=\"telephone\" type=\"tel\" data-field-name=\"telephone\"><\/div><\/div><div  class=\"jet-form-row\"><div class=\"jet-form-col jet-form-col-4  field-type-select  jet-form-field-container\" data-field=\"type\" data-conditional=\"false\"><div class=\"jet-form__label\">\n\t<span class=\"jet-form__label-text\" >Vous \u00eates<span class=\"jet-form__required\">*<\/span><\/span>\n\t<\/div><select  required=\"required\" name=\"type\" data-field-name=\"type\" id=\"type\" data-default-val=\"\" class=\"jet-form__field select-field\"><option value=\"particulier\" >un particulier<\/option><option value=\"entreprise\" >une entreprise<\/option><option value=\"golf\" >un golf<\/option><option value=\"camping\" >un camping<\/option><\/select><\/div><div class=\"jet-form-col jet-form-col-4  field-type-text  jet-form-field-container\" data-field=\"entreprise\" data-conditional=\"false\"><div class=\"jet-form__label\">\n\t<span class=\"jet-form__label-text\" >Nom de votre soci\u00e9t\u00e9<\/span>\n\t<\/div><input class=\"jet-form__field text-field \" placeholder=\"si vous n&#039;\u00eates pas un particulier\" value=\"\" name=\"entreprise\" id=\"entreprise\" type=\"text\" data-field-name=\"entreprise\"><\/div><div class=\"jet-form-col jet-form-col-4  field-type-text  jet-form-field-container\" data-field=\"region\" data-conditional=\"false\"><div class=\"jet-form__label\">\n\t<span class=\"jet-form__label-text\" >Code postal<span class=\"jet-form__required\">*<\/span><\/span>\n\t<\/div><input class=\"jet-form__field text-field \" placeholder=\"votre code postal\" value=\"\" required=\"required\" name=\"region\" id=\"region\" type=\"text\" data-field-name=\"region\"><\/div><\/div><div  class=\"jet-form-row\"><div class=\"jet-form-col jet-form-col-12  field-type-textarea  jet-form-field-container\" data-field=\"message\" data-conditional=\"false\"><div class=\"jet-form__label\">\n\t<span class=\"jet-form__label-text\" >Message<span class=\"jet-form__required\">*<\/span><\/span>\n\t<\/div><textarea class=\"jet-form__field textarea-field\" placeholder=\"d\u00e9crivez-nous votre besoin\" required=\"required\" name=\"message\" data-field-name=\"message\" id=\"message\"><\/textarea><\/div><\/div><div  class=\"jet-form-row\"><div class=\"jet-form-col jet-form-col-12  field-type-checkboxes  jet-form-field-container\" data-field=\"optin\" data-conditional=\"false\"><div class=\"jet-form__label\">\n\t<span class=\"jet-form__label-text\" >Newsletter<span class=\"jet-form__required\">*<\/span><\/span>\n\t<\/div><div class=\"jet-form__fields-group checkradio-wrap\">\t\t<div class=\"jet-form__field-wrap checkboxes-wrap checkradio-wrap\">\n\t\t\t\t\t\t<label class=\"jet-form__field-label\">\n\t\t\t\t<input\n\t\t\t\t\ttype=\"checkbox\"\n\t\t\t\t\tname=\"optin\"\n\t\t\t\t\tclass=\"jet-form__field checkboxes-field checkradio-field checkboxes-required\"\n\t\t\t\t\tvalue=\"optin\"\n\t\t\t\t\tdata-field-name=\"optin\"\n\t\t\t\t\t\t\t\t\t\trequired=\"required\"\t\t\t\t\t\t\t\t\t>\n\t\t\t\tj'accepte de recevoir par email les communication et offres de Hopper\t\t\t<\/label>\n\t\t<\/div>\n\t\t<\/div><\/div><\/div><div  class=\"jet-form-row jet-form-row--submit\"><div class=\"jet-form-col jet-form-col-12  field-type-submit  jet-form-field-container\" data-field=\"Submit\" data-conditional=\"false\"><div class=\"jet-form__submit-wrap\">\n\t\t<button class=\"jet-form__submit submit-type-reload\" type=\"submit\">Envoyer<\/button>\n<\/div><\/div><\/div><script id=\"jet-engine-recaptcha-js\" src=\"https:\/\/www.google.com\/recaptcha\/api.js?render=6LdBz5wUAAAAAPMFgtA3HMuKYe1cfiNbAmn67Vlc\"><\/script>\t\t\t<input type=\"hidden\" class=\"captcha-token\" name=\"_captcha_token\" value=\"\">\n\t\t\t<script>\n\n\t\t\t\tif ( ! window.JetEngineFormCaptcha ) {\n\t\t\t\t\twindow.JetEngineFormCaptcha = function( formID ) {\n\t\t\t\t\t\tvar $script  = document.querySelector( 'script#jet-engine-recaptcha-js' ),\n\t\t\t\t\t\t\t$cpField = document.querySelector( 'form[data-form-id=\"' + formID + '\"] .captcha-token' );\n\n\t\t\t\t\t\tfunction setFormToken() {\n\t\t\t\t\t\t\tif ( window.JetEngineFormToken ) {\n\t\t\t\t\t\t\t\t$cpField.value = window.JetEngineFormToken;\n\t\t\t\t\t\t\t} else if ( window.grecaptcha ) {\n\t\t\t\t\t\t\t\twindow.grecaptcha.ready( function() {\n\t\t\t\t\t\t\t\t\tgrecaptcha.execute(\n\t\t\t\t\t\t\t\t\t\t'6LdBz5wUAAAAAPMFgtA3HMuKYe1cfiNbAmn67Vlc',\n\t\t\t\t\t\t\t\t\t\t{\n\t\t\t\t\t\t\t\t\t\t\taction: 'submit_form'\n\t\t\t\t\t\t\t\t\t\t}\n\t\t\t\t\t\t\t\t\t).then( function( token ) {\n\t\t\t\t\t\t\t\t\t\t$cpField.value = token;\n\t\t\t\t\t\t\t\t\t\twindow.JetEngineFormToken = token;\n\t\t\t\t\t\t\t\t\t} );\n\t\t\t\t\t\t\t\t} );\n\t\t\t\t\t\t\t}\n\t\t\t\t\t\t}\n\n\t\t\t\t\t\tif ( ! $cpField ) {\n\t\t\t\t\t\t\treturn;\n\t\t\t\t\t\t}\n\n\t\t\t\t\t\tif ( ! $script ) {\n\n\t\t\t\t\t\t\t$script = document.createElement( 'script' );\n\n\t\t\t\t\t\t\t$script.id  = 'jet-engine-recaptcha-js';\n\t\t\t\t\t\t\t$script.src = 'https:\/\/www.google.com\/recaptcha\/api.js?render=6LdBz5wUAAAAAPMFgtA3HMuKYe1cfiNbAmn67Vlc';\n\n\t\t\t\t\t\t\t$cpField.parentNode.insertBefore( $script, $cpField );\n\n\t\t\t\t\t\t\t$script.onload = function() {\n\t\t\t\t\t\t\t\tsetFormToken();\n\t\t\t\t\t\t\t};\n\n\t\t\t\t\t\t} else {\n\t\t\t\t\t\t\tsetFormToken();\n\t\t\t\t\t\t}\n\n\t\t\t\t\t}\n\t\t\t\t}\n\n\t\t\t\twindow.JetEngineFormCaptcha( 573 );\n\n\t\t\t\tjQuery( window ).on( 'jet-popup\/show-event\/after-show', function () {\n\n\t\t\t\t\twindow.JetEngineFormCaptcha( 573 );\n\n\t\t\t\t} );\n\t\t\t<\/script>\n\t\t\t<input class=\"jet-form__field hidden-field\" type=\"hidden\" name=\"_jet_engine_nonce\" value=\"dbbacbe6aa\" data-field-name=\"_jet_engine_nonce\"><\/form>\t\t\t\t<\/div>\n\t\t\t\t<\/div>\n\t\t\t\t\t<\/div>\n\t\t<\/div>\n\t\t\t\t\t<\/div>\n\t\t<\/section>\n\t\t\t\t<\/div>\n\t\t","protected":false},"excerpt":{"rendered":"<p>Accueil contactez-nous Nom* Pr\u00e9nom* Email* T\u00e9l\u00e9phone* Vous \u00eates* un particulierune entrepriseun golfun camping Nom de votre soci\u00e9t\u00e9 Code postal* Message* Newsletter* j&rsquo;accepte de recevoir par email les communication et offres de Hopper Envoyer<\/p>\n","protected":false},"author":1,"featured_media":0,"parent":0,"menu_order":0,"comment_status":"closed","ping_status":"closed","template":"","meta":{"site-sidebar-layout":"no-sidebar","site-content-layout":"page-builder","ast-site-content-layout":"default","site-content-style":"default","site-sidebar-style":"default","ast-global-header-display":"","ast-banner-title-visibility":"","ast-main-header-display":"","ast-hfb-above-header-display":"","ast-hfb-below-header-display":"","ast-hfb-mobile-header-display":"","site-post-title":"disabled","ast-breadcrumbs-content":"","ast-featured-img":"disabled","footer-sml-layout":"","ast-disable-related-posts":"","theme-transparent-header-meta":"","adv-header-id-meta":"","stick-header-meta":"","header-above-stick-meta":"","header-main-stick-meta":"","header-below-stick-meta":"","astra-migrate-meta-layouts":"default","ast-page-background-enabled":"default","ast-page-background-meta":{"desktop":{"background-color":"var(--ast-global-color-4)","background-image":"","background-repeat":"repeat","background-position":"center center","background-size":"auto","background-attachment":"scroll","background-type":"","background-media":"","overlay-type":"","overlay-color":"","overlay-opacity":"","overlay-gradient":""},"tablet":{"background-color":"","background-image":"","background-repeat":"repeat","background-position":"center center","background-size":"auto","background-attachment":"scroll","background-type":"","background-media":"","overlay-type":"","overlay-color":"","overlay-opacity":"","overlay-gradient":""},"mobile":{"background-color":"","background-image":"","background-repeat":"repeat","background-position":"center center","background-size":"auto","background-attachment":"scroll","background-type":"","background-media":"","overlay-type":"","overlay-color":"","overlay-opacity":"","overlay-gradient":""}},"ast-content-background-meta":{"desktop":{"background-color":"var(--ast-global-color-5)","background-image":"","background-repeat":"repeat","background-position":"center center","background-size":"auto","background-attachment":"scroll","background-type":"","background-media":"","overlay-type":"","overlay-color":"","overlay-opacity":"","overlay-gradient":""},"tablet":{"background-color":"var(--ast-global-color-5)","background-image":"","background-repeat":"repeat","background-position":"center center","background-size":"auto","background-attachment":"scroll","background-type":"","background-media":"","overlay-type":"","overlay-color":"","overlay-opacity":"","overlay-gradient":""},"mobile":{"background-color":"var(--ast-global-color-5)","background-image":"","background-repeat":"repeat","background-position":"center center","background-size":"auto","background-attachment":"scroll","background-type":"","background-media":"","overlay-type":"","overlay-color":"","overlay-opacity":"","overlay-gradient":""}},"footnotes":""},"class_list":["post-3044","page","type-page","status-publish","hentry"],"_links":{"self":[{"href":"https:\/\/www.hopper-golfettes.com\/objets-personnalisables\/wp-json\/wp\/v2\/pages\/3044","targetHints":{"allow":["GET"]}}],"collection":[{"href":"https:\/\/www.hopper-golfettes.com\/objets-personnalisables\/wp-json\/wp\/v2\/pages"}],"about":[{"href":"https:\/\/www.hopper-golfettes.com\/objets-personnalisables\/wp-json\/wp\/v2\/types\/page"}],"author":[{"embeddable":true,"href":"https:\/\/www.hopper-golfettes.com\/objets-personnalisables\/wp-json\/wp\/v2\/users\/1"}],"replies":[{"embeddable":true,"href":"https:\/\/www.hopper-golfettes.com\/objets-personnalisables\/wp-json\/wp\/v2\/comments?post=3044"}],"version-history":[{"count":0,"href":"https:\/\/www.hopper-golfettes.com\/objets-personnalisables\/wp-json\/wp\/v2\/pages\/3044\/revisions"}],"wp:attachment":[{"href":"https:\/\/www.hopper-golfettes.com\/objets-personnalisables\/wp-json\/wp\/v2\/media?parent=3044"}],"curies":[{"name":"wp","href":"https:\/\/api.w.org\/{rel}","templated":true}]}}